{"id":2183,"date":"2021-06-18T21:05:01","date_gmt":"2021-06-18T21:05:01","guid":{"rendered":"https:\/\/success.culturalgo.com\/index.php\/sgo_01_es\/sgo-00008-copy\/"},"modified":"2021-06-18T21:05:21","modified_gmt":"2021-06-18T21:05:21","slug":"sgo-00008","status":"publish","type":"page","link":"https:\/\/success.culturalgo.com\/index.php\/sgo_01_en\/sgo-00008\/","title":{"rendered":"How to get the certification"},"content":{"rendered":"\t\t<div data-elementor-type=\"wp-page\" data-elementor-id=\"2183\" class=\"elementor elementor-2183\" data-elementor-settings=\"[]\">\n\t\t\t\t\t\t\t<div class=\"elementor-section-wrap\">\n\t\t\t\t\t\t\t<section class=\"ob-is-breaking-bad elementor-section elementor-top-section elementor-element elementor-element-6f7c415 elementor-section-boxed elementor-section-height-default elementor-section-height-default\" data-id=\"6f7c415\" data-element_type=\"section\" data-settings=\"{&quot;_ob_bbad_use_it&quot;:&quot;yes&quot;,&quot;_ob_bbad_sssic_use&quot;:&quot;no&quot;,&quot;_ob_glider_is_slider&quot;:&quot;no&quot;}\">\n\t\t\t\t\t\t<div class=\"elementor-container elementor-column-gap-default\">\n\t\t\t\t\t<div class=\"elementor-column elementor-col-100 elementor-top-column elementor-element elementor-element-d193e6a\" data-id=\"d193e6a\" data-element_type=\"column\" data-settings=\"{&quot;_ob_bbad_is_stalker&quot;:&quot;no&quot;,&quot;_ob_teleporter_use&quot;:false,&quot;_ob_column_hoveranimator&quot;:&quot;no&quot;,&quot;_ob_column_has_pseudo&quot;:&quot;no&quot;}\">\n\t\t\t<div class=\"elementor-widget-wrap elementor-element-populated\">\n\t\t\t\t\t\t\t\t<div class=\"elementor-element elementor-element-2273054 elementor-widget elementor-widget-spacer\" data-id=\"2273054\" data-element_type=\"widget\" data-settings=\"{&quot;_ob_spacerat_use&quot;:&quot;no&quot;,&quot;_ob_perspektive_use&quot;:&quot;no&quot;,&quot;_ob_shadough_use&quot;:&quot;no&quot;,&quot;_ob_allow_hoveranimator&quot;:&quot;no&quot;,&quot;_ob_widget_stalker_use&quot;:&quot;no&quot;}\" data-widget_type=\"spacer.default\">\n\t\t\t\t<div class=\"elementor-widget-container\">\n\t\t\t\t\t<div class=\"elementor-spacer\">\n\t\t\t<div class=\"elementor-spacer-inner\"><\/div>\n\t\t<\/div>\n\t\t\t\t<\/div>\n\t\t\t\t<\/div>\n\t\t\t\t<div class=\"elementor-element elementor-element-62118cf ob-harakiri-inherit elementor-widget elementor-widget-heading\" data-id=\"62118cf\" data-element_type=\"widget\" data-settings=\"{&quot;_ob_harakiri_writing_mode&quot;:&quot;inherit&quot;,&quot;_ob_perspektive_use&quot;:&quot;no&quot;,&quot;_ob_shadough_use&quot;:&quot;no&quot;,&quot;_ob_allow_hoveranimator&quot;:&quot;no&quot;,&quot;_ob_widget_stalker_use&quot;:&quot;no&quot;}\" data-widget_type=\"heading.default\">\n\t\t\t\t<div class=\"elementor-widget-container\">\n\t\t\t<h2 class=\"elementor-heading-title elementor-size-default\">\u00bfC\u00f3mo lograr la Certificaci\u00f3n Great Place to Work\u00ae?\n<\/h2>\t\t<\/div>\n\t\t\t\t<\/div>\n\t\t\t\t<section class=\"ob-is-breaking-bad ob-bb-inner elementor-section elementor-inner-section elementor-element elementor-element-9cd59fd elementor-section-boxed elementor-section-height-default elementor-section-height-default\" data-id=\"9cd59fd\" data-element_type=\"section\" data-settings=\"{&quot;background_background&quot;:&quot;classic&quot;,&quot;_ob_bbad_use_it&quot;:&quot;yes&quot;,&quot;_ob_bbad_sssic_use&quot;:&quot;no&quot;,&quot;_ob_glider_is_slider&quot;:&quot;no&quot;}\">\n\t\t\t\t\t\t<div class=\"elementor-container elementor-column-gap-default\">\n\t\t\t\t\t<div class=\"elementor-column elementor-col-50 elementor-inner-column elementor-element elementor-element-d49a007\" data-id=\"d49a007\" data-element_type=\"column\" data-settings=\"{&quot;_ob_bbad_is_stalker&quot;:&quot;no&quot;,&quot;_ob_teleporter_use&quot;:false,&quot;_ob_column_hoveranimator&quot;:&quot;no&quot;,&quot;_ob_column_has_pseudo&quot;:&quot;no&quot;}\">\n\t\t\t<div class=\"elementor-widget-wrap elementor-element-populated\">\n\t\t\t\t\t\t\t\t<div class=\"elementor-element elementor-element-3c3f106 elementor-widget elementor-widget-image\" data-id=\"3c3f106\" data-element_type=\"widget\" data-settings=\"{&quot;_ob_photomorph_use&quot;:&quot;no&quot;,&quot;_ob_perspektive_use&quot;:&quot;no&quot;,&quot;_ob_shadough_use&quot;:&quot;no&quot;,&quot;_ob_allow_hoveranimator&quot;:&quot;no&quot;,&quot;_ob_widget_stalker_use&quot;:&quot;no&quot;}\" data-widget_type=\"image.default\">\n\t\t\t\t<div class=\"elementor-widget-container\">\n\t\t\t\t\t\t\t\t\t\t\t\t\t\t\t<img width=\"800\" height=\"800\" src=\"https:\/\/success.culturalgo.com\/wp-content\/uploads\/2021\/04\/mexico-certificacion-2021.png\" class=\"attachment-large size-large\" alt=\"\" loading=\"lazy\" srcset=\"https:\/\/success.culturalgo.com\/wp-content\/uploads\/2021\/04\/mexico-certificacion-2021.png 800w, https:\/\/success.culturalgo.com\/wp-content\/uploads\/2021\/04\/mexico-certificacion-2021-300x300.png 300w, https:\/\/success.culturalgo.com\/wp-content\/uploads\/2021\/04\/mexico-certificacion-2021-150x150.png 150w, https:\/\/success.culturalgo.com\/wp-content\/uploads\/2021\/04\/mexico-certificacion-2021-768x768.png 768w, https:\/\/success.culturalgo.com\/wp-content\/uploads\/2021\/04\/mexico-certificacion-2021-24x24.png 24w, https:\/\/success.culturalgo.com\/wp-content\/uploads\/2021\/04\/mexico-certificacion-2021-36x36.png 36w, https:\/\/success.culturalgo.com\/wp-content\/uploads\/2021\/04\/mexico-certificacion-2021-48x48.png 48w\" sizes=\"(max-width: 800px) 100vw, 800px\" \/>\t\t\t\t\t\t\t\t\t\t\t\t\t\t\t<\/div>\n\t\t\t\t<\/div>\n\t\t\t\t<section class=\"ob-is-breaking-bad ob-bb-inner elementor-section elementor-inner-section elementor-element elementor-element-bf8c062 elementor-section-boxed elementor-section-height-default elementor-section-height-default\" data-id=\"bf8c062\" data-element_type=\"section\" data-settings=\"{&quot;_ob_bbad_use_it&quot;:&quot;yes&quot;,&quot;_ob_bbad_sssic_use&quot;:&quot;no&quot;,&quot;_ob_glider_is_slider&quot;:&quot;no&quot;}\">\n\t\t\t\t\t\t<div class=\"elementor-container elementor-column-gap-default\">\n\t\t\t\t\t<div class=\"elementor-column elementor-col-100 elementor-inner-column elementor-element elementor-element-edb2ef0\" data-id=\"edb2ef0\" data-element_type=\"column\" data-settings=\"{&quot;_ob_bbad_is_stalker&quot;:&quot;no&quot;,&quot;_ob_teleporter_use&quot;:false,&quot;_ob_column_hoveranimator&quot;:&quot;no&quot;,&quot;_ob_column_has_pseudo&quot;:&quot;no&quot;}\">\n\t\t\t<div class=\"elementor-widget-wrap elementor-element-populated\">\n\t\t\t\t\t\t\t\t<div class=\"elementor-element elementor-element-afa25b1 ob-harakiri-inherit elementor-widget elementor-widget-text-editor\" data-id=\"afa25b1\" data-element_type=\"widget\" data-settings=\"{&quot;_ob_harakiri_writing_mode&quot;:&quot;inherit&quot;,&quot;_ob_perspektive_use&quot;:&quot;no&quot;,&quot;_ob_shadough_use&quot;:&quot;no&quot;,&quot;_ob_allow_hoveranimator&quot;:&quot;no&quot;,&quot;_ob_widget_stalker_use&quot;:&quot;no&quot;}\" data-widget_type=\"text-editor.default\">\n\t\t\t\t<div class=\"elementor-widget-container\">\n\t\t\t\t\t\t\t\t<ul style=\"margin-left: 20px;\"><li>Certificaci\u00f3n con validez por 12 meses.<\/li><li>Derecho para participar en Rankings.<\/li><\/ul>\t\t\t\t\t\t<\/div>\n\t\t\t\t<\/div>\n\t\t\t\t\t<\/div>\n\t\t<\/div>\n\t\t\t\t\t\t\t<\/div>\n\t\t<\/section>\n\t\t\t\t\t<\/div>\n\t\t<\/div>\n\t\t\t\t<div class=\"elementor-column elementor-col-50 elementor-inner-column elementor-element elementor-element-5a3ee3f\" data-id=\"5a3ee3f\" data-element_type=\"column\" data-settings=\"{&quot;_ob_bbad_is_stalker&quot;:&quot;no&quot;,&quot;_ob_teleporter_use&quot;:false,&quot;_ob_column_hoveranimator&quot;:&quot;no&quot;,&quot;_ob_column_has_pseudo&quot;:&quot;no&quot;}\">\n\t\t\t<div class=\"elementor-widget-wrap elementor-element-populated\">\n\t\t\t\t\t\t\t\t<div class=\"elementor-element elementor-element-3795771 elementor-widget elementor-widget-image\" data-id=\"3795771\" data-element_type=\"widget\" data-settings=\"{&quot;_ob_photomorph_use&quot;:&quot;no&quot;,&quot;_ob_perspektive_use&quot;:&quot;no&quot;,&quot;_ob_shadough_use&quot;:&quot;no&quot;,&quot;_ob_allow_hoveranimator&quot;:&quot;no&quot;,&quot;_ob_widget_stalker_use&quot;:&quot;no&quot;}\" data-widget_type=\"image.default\">\n\t\t\t\t<div class=\"elementor-widget-container\">\n\t\t\t\t\t\t\t\t\t\t\t\t\t\t\t<img width=\"1024\" height=\"337\" src=\"https:\/\/success.culturalgo.com\/wp-content\/uploads\/2021\/04\/certificacion-1024x337.jpg\" class=\"attachment-large size-large\" alt=\"\" loading=\"lazy\" srcset=\"https:\/\/success.culturalgo.com\/wp-content\/uploads\/2021\/04\/certificacion-1024x337.jpg 1024w, https:\/\/success.culturalgo.com\/wp-content\/uploads\/2021\/04\/certificacion-300x99.jpg 300w, https:\/\/success.culturalgo.com\/wp-content\/uploads\/2021\/04\/certificacion-768x253.jpg 768w, https:\/\/success.culturalgo.com\/wp-content\/uploads\/2021\/04\/certificacion-24x8.jpg 24w, https:\/\/success.culturalgo.com\/wp-content\/uploads\/2021\/04\/certificacion-36x12.jpg 36w, https:\/\/success.culturalgo.com\/wp-content\/uploads\/2021\/04\/certificacion-48x16.jpg 48w, https:\/\/success.culturalgo.com\/wp-content\/uploads\/2021\/04\/certificacion.jpg 1404w\" sizes=\"(max-width: 1024px) 100vw, 1024px\" \/>\t\t\t\t\t\t\t\t\t\t\t\t\t\t\t<\/div>\n\t\t\t\t<\/div>\n\t\t\t\t<section class=\"ob-is-breaking-bad ob-bb-inner elementor-section elementor-inner-section elementor-element elementor-element-d3a9e3a elementor-section-boxed elementor-section-height-default elementor-section-height-default\" data-id=\"d3a9e3a\" data-element_type=\"section\" data-settings=\"{&quot;_ob_bbad_use_it&quot;:&quot;yes&quot;,&quot;_ob_bbad_sssic_use&quot;:&quot;no&quot;,&quot;_ob_glider_is_slider&quot;:&quot;no&quot;}\">\n\t\t\t\t\t\t<div class=\"elementor-container elementor-column-gap-default\">\n\t\t\t\t\t<div class=\"elementor-column elementor-col-33 elementor-inner-column elementor-element elementor-element-f8d00ce\" data-id=\"f8d00ce\" data-element_type=\"column\" data-settings=\"{&quot;_ob_bbad_is_stalker&quot;:&quot;no&quot;,&quot;_ob_teleporter_use&quot;:false,&quot;_ob_column_hoveranimator&quot;:&quot;no&quot;,&quot;_ob_column_has_pseudo&quot;:&quot;no&quot;}\">\n\t\t\t<div class=\"elementor-widget-wrap elementor-element-populated\">\n\t\t\t\t\t\t\t\t<div class=\"elementor-element elementor-element-153a571 ob-harakiri-inherit elementor-widget elementor-widget-text-editor\" data-id=\"153a571\" data-element_type=\"widget\" data-settings=\"{&quot;_ob_harakiri_writing_mode&quot;:&quot;inherit&quot;,&quot;_ob_perspektive_use&quot;:&quot;no&quot;,&quot;_ob_shadough_use&quot;:&quot;no&quot;,&quot;_ob_allow_hoveranimator&quot;:&quot;no&quot;,&quot;_ob_widget_stalker_use&quot;:&quot;no&quot;}\" data-widget_type=\"text-editor.default\">\n\t\t\t\t<div class=\"elementor-widget-container\">\n\t\t\t\t\t\t\t\t<ul style=\"margin-left: 20px;\"><li>Encuesta Trust Index\u00ae a colaboradores con puntaje m\u00ednimo de 70%.<\/li><li>95% de nivel de confiabilidad estad\u00edstica y 5% de margen de error m\u00e1ximo.<\/li><\/ul>\t\t\t\t\t\t<\/div>\n\t\t\t\t<\/div>\n\t\t\t\t\t<\/div>\n\t\t<\/div>\n\t\t\t\t<div class=\"elementor-column elementor-col-33 elementor-inner-column elementor-element elementor-element-85da24a\" data-id=\"85da24a\" data-element_type=\"column\" data-settings=\"{&quot;_ob_bbad_is_stalker&quot;:&quot;no&quot;,&quot;_ob_teleporter_use&quot;:false,&quot;_ob_column_hoveranimator&quot;:&quot;no&quot;,&quot;_ob_column_has_pseudo&quot;:&quot;no&quot;}\">\n\t\t\t<div class=\"elementor-widget-wrap elementor-element-populated\">\n\t\t\t\t\t\t\t\t<div class=\"elementor-element elementor-element-9e099f7 ob-harakiri-inherit elementor-widget elementor-widget-text-editor\" data-id=\"9e099f7\" data-element_type=\"widget\" data-settings=\"{&quot;_ob_harakiri_writing_mode&quot;:&quot;inherit&quot;,&quot;_ob_perspektive_use&quot;:&quot;no&quot;,&quot;_ob_shadough_use&quot;:&quot;no&quot;,&quot;_ob_allow_hoveranimator&quot;:&quot;no&quot;,&quot;_ob_widget_stalker_use&quot;:&quot;no&quot;}\" data-widget_type=\"text-editor.default\">\n\t\t\t\t<div class=\"elementor-widget-container\">\n\t\t\t\t\t\t\t\t<ul style=\"margin-left: 20px;\"><li>Cuestionario Culture Brief\u00ae sobre del perfil de la organizaci\u00f3n debidamente contestado.<\/li><\/ul>\t\t\t\t\t\t<\/div>\n\t\t\t\t<\/div>\n\t\t\t\t\t<\/div>\n\t\t<\/div>\n\t\t\t\t<div class=\"elementor-column elementor-col-33 elementor-inner-column elementor-element elementor-element-bbb5c3f\" data-id=\"bbb5c3f\" data-element_type=\"column\" data-settings=\"{&quot;_ob_bbad_is_stalker&quot;:&quot;no&quot;,&quot;_ob_teleporter_use&quot;:false,&quot;_ob_column_hoveranimator&quot;:&quot;no&quot;,&quot;_ob_column_has_pseudo&quot;:&quot;no&quot;}\">\n\t\t\t<div class=\"elementor-widget-wrap elementor-element-populated\">\n\t\t\t\t\t\t\t\t<div class=\"elementor-element elementor-element-34975cf ob-harakiri-inherit elementor-widget elementor-widget-text-editor\" data-id=\"34975cf\" data-element_type=\"widget\" data-settings=\"{&quot;_ob_harakiri_writing_mode&quot;:&quot;inherit&quot;,&quot;_ob_perspektive_use&quot;:&quot;no&quot;,&quot;_ob_shadough_use&quot;:&quot;no&quot;,&quot;_ob_allow_hoveranimator&quot;:&quot;no&quot;,&quot;_ob_widget_stalker_use&quot;:&quot;no&quot;}\" data-widget_type=\"text-editor.default\">\n\t\t\t\t<div class=\"elementor-widget-container\">\n\t\t\t\t\t\t\t\t<ul style=\"margin-left: 20px;\"><li>Ning\u00fan sesgo, presi\u00f3n, amenaza ni incentivo para influenciar la opini\u00f3n de los colaboradores.<\/li><li>Auditor\u00eda automatizada.<\/li><\/ul>\t\t\t\t\t\t<\/div>\n\t\t\t\t<\/div>\n\t\t\t\t\t<\/div>\n\t\t<\/div>\n\t\t\t\t\t\t\t<\/div>\n\t\t<\/section>\n\t\t\t\t\t<\/div>\n\t\t<\/div>\n\t\t\t\t\t\t\t<\/div>\n\t\t<\/section>\n\t\t\t\t\t<\/div>\n\t\t<\/div>\n\t\t\t\t\t\t\t<\/div>\n\t\t<\/section>\n\t\t\t\t<section class=\"ob-is-breaking-bad elementor-section elementor-top-section elementor-element elementor-element-05c66c7 elementor-section-boxed elementor-section-height-default elementor-section-height-default\" data-id=\"05c66c7\" data-element_type=\"section\" data-settings=\"{&quot;_ob_bbad_use_it&quot;:&quot;yes&quot;,&quot;_ob_bbad_sssic_use&quot;:&quot;no&quot;,&quot;_ob_glider_is_slider&quot;:&quot;no&quot;}\">\n\t\t\t\t\t\t<div class=\"elementor-container elementor-column-gap-default\">\n\t\t\t\t\t<div class=\"elementor-column elementor-col-100 elementor-top-column elementor-element elementor-element-d4389c9\" data-id=\"d4389c9\" data-element_type=\"column\" data-settings=\"{&quot;_ob_bbad_is_stalker&quot;:&quot;no&quot;,&quot;_ob_teleporter_use&quot;:false,&quot;_ob_column_hoveranimator&quot;:&quot;no&quot;,&quot;_ob_column_has_pseudo&quot;:&quot;no&quot;}\">\n\t\t\t<div class=\"elementor-widget-wrap elementor-element-populated\">\n\t\t\t\t\t\t\t\t<div class=\"elementor-element elementor-element-45cb5d2 elementor-widget elementor-widget-accordion\" data-id=\"45cb5d2\" data-element_type=\"widget\" data-settings=\"{&quot;_ob_perspektive_use&quot;:&quot;no&quot;,&quot;_ob_shadough_use&quot;:&quot;no&quot;,&quot;_ob_allow_hoveranimator&quot;:&quot;no&quot;,&quot;_ob_widget_stalker_use&quot;:&quot;no&quot;}\" data-widget_type=\"accordion.default\">\n\t\t\t\t<div class=\"elementor-widget-container\">\n\t\t\t\t\t<div class=\"elementor-accordion\" role=\"tablist\">\n\t\t\t\t\t\t\t<div class=\"elementor-accordion-item\">\n\t\t\t\t\t<div id=\"elementor-tab-title-7311\" class=\"elementor-tab-title\" data-tab=\"1\" role=\"tab\" aria-controls=\"elementor-tab-content-7311\" aria-expanded=\"false\">\n\t\t\t\t\t\t\t\t\t\t\t\t\t<span class=\"elementor-accordion-icon elementor-accordion-icon-left\" aria-hidden=\"true\">\n\t\t\t\t\t\t\t\t\t\t\t\t\t\t\t<span class=\"elementor-accordion-icon-closed\"><i class=\"fas fa-caret-square-down\"><\/i><\/span>\n\t\t\t\t\t\t\t\t<span class=\"elementor-accordion-icon-opened\"><i class=\"far fa-caret-square-up\"><\/i><\/span>\n\t\t\t\t\t\t\t\t\t\t\t\t\t\t<\/span>\n\t\t\t\t\t\t\t\t\t\t\t\t<a class=\"elementor-accordion-title\" href=\"\">\u00bfCu\u00e1l es el m\u00ednimo nivel de respuesta a la encuesta Trust Index que se requiere para que sea v\u00e1lido y confiable estad\u00edsticamente?<\/a>\n\t\t\t\t\t<\/div>\n\t\t\t\t\t<div id=\"elementor-tab-content-7311\" class=\"elementor-tab-content elementor-clearfix\" data-tab=\"1\" role=\"tabpanel\" aria-labelledby=\"elementor-tab-title-7311\"><p>El nivel de participaci\u00f3n m\u00ednima necesaria est\u00e1 definido con base en el nivel de confiabilidad estad\u00edstica y el margen de error m\u00e1ximo permisible. En Great Place to Work\u00ae a nivel mundial, el nivel de confiabilidad estad\u00edstica se ha establecido en 95%. Y para el margen de error, la pol\u00edtica establece que debe ser de m\u00e1ximo \u00b15% para organizaciones de cualquier tama\u00f1o.\u00a0 Sin embargo, existe una excepci\u00f3n para empresas micros y peque\u00f1as de menos de 50 empleados, donde el margen de error es de hasta \u00b18%.<\/p><p><img loading=\"lazy\" class=\"aligncenter wp-image-1891 size-full\" src=\"https:\/\/success.culturalgo.com\/wp-content\/uploads\/2021\/04\/nivel-de-participacion-minima.jpg\" alt=\"\" width=\"949\" height=\"689\" srcset=\"https:\/\/success.culturalgo.com\/wp-content\/uploads\/2021\/04\/nivel-de-participacion-minima.jpg 949w, https:\/\/success.culturalgo.com\/wp-content\/uploads\/2021\/04\/nivel-de-participacion-minima-300x218.jpg 300w, https:\/\/success.culturalgo.com\/wp-content\/uploads\/2021\/04\/nivel-de-participacion-minima-768x558.jpg 768w, https:\/\/success.culturalgo.com\/wp-content\/uploads\/2021\/04\/nivel-de-participacion-minima-24x17.jpg 24w, https:\/\/success.culturalgo.com\/wp-content\/uploads\/2021\/04\/nivel-de-participacion-minima-36x26.jpg 36w, https:\/\/success.culturalgo.com\/wp-content\/uploads\/2021\/04\/nivel-de-participacion-minima-48x35.jpg 48w\" sizes=\"(max-width: 949px) 100vw, 949px\" \/><\/p><p><img loading=\"lazy\" class=\"aligncenter wp-image-1893 size-full\" src=\"https:\/\/success.culturalgo.com\/wp-content\/uploads\/2021\/04\/nivel-de-participacion-minima_2.jpg\" alt=\"\" width=\"949\" height=\"688\" srcset=\"https:\/\/success.culturalgo.com\/wp-content\/uploads\/2021\/04\/nivel-de-participacion-minima_2.jpg 949w, https:\/\/success.culturalgo.com\/wp-content\/uploads\/2021\/04\/nivel-de-participacion-minima_2-300x217.jpg 300w, https:\/\/success.culturalgo.com\/wp-content\/uploads\/2021\/04\/nivel-de-participacion-minima_2-768x557.jpg 768w, https:\/\/success.culturalgo.com\/wp-content\/uploads\/2021\/04\/nivel-de-participacion-minima_2-24x17.jpg 24w, https:\/\/success.culturalgo.com\/wp-content\/uploads\/2021\/04\/nivel-de-participacion-minima_2-36x26.jpg 36w, https:\/\/success.culturalgo.com\/wp-content\/uploads\/2021\/04\/nivel-de-participacion-minima_2-48x35.jpg 48w\" sizes=\"(max-width: 949px) 100vw, 949px\" \/><\/p><p><img loading=\"lazy\" class=\"aligncenter wp-image-1894\" src=\"https:\/\/success.culturalgo.com\/wp-content\/uploads\/2021\/04\/headcount-scaled.jpg\" alt=\"\" width=\"300\" height=\"3339\" srcset=\"https:\/\/success.culturalgo.com\/wp-content\/uploads\/2021\/04\/headcount-scaled.jpg 230w, https:\/\/success.culturalgo.com\/wp-content\/uploads\/2021\/04\/headcount-27x300.jpg 27w, https:\/\/success.culturalgo.com\/wp-content\/uploads\/2021\/04\/headcount-92x1024.jpg 92w, https:\/\/success.culturalgo.com\/wp-content\/uploads\/2021\/04\/headcount-138x1536.jpg 138w, https:\/\/success.culturalgo.com\/wp-content\/uploads\/2021\/04\/headcount-184x2048.jpg 184w\" sizes=\"(max-width: 300px) 100vw, 300px\" \/><\/p><p>\u00a0<\/p><\/div>\n\t\t\t\t<\/div>\n\t\t\t\t\t\t\t\t<\/div>\n\t\t\t\t<\/div>\n\t\t\t\t<\/div>\n\t\t\t\t<div class=\"elementor-element elementor-element-0c2c9f9 elementor-widget elementor-widget-spacer\" data-id=\"0c2c9f9\" data-element_type=\"widget\" data-settings=\"{&quot;_ob_spacerat_use&quot;:&quot;no&quot;,&quot;_ob_perspektive_use&quot;:&quot;no&quot;,&quot;_ob_shadough_use&quot;:&quot;no&quot;,&quot;_ob_allow_hoveranimator&quot;:&quot;no&quot;,&quot;_ob_widget_stalker_use&quot;:&quot;no&quot;}\" data-widget_type=\"spacer.default\">\n\t\t\t\t<div class=\"elementor-widget-container\">\n\t\t\t\t\t<div class=\"elementor-spacer\">\n\t\t\t<div class=\"elementor-spacer-inner\"><\/div>\n\t\t<\/div>\n\t\t\t\t<\/div>\n\t\t\t\t<\/div>\n\t\t\t\t\t<\/div>\n\t\t<\/div>\n\t\t\t\t\t\t\t<\/div>\n\t\t<\/section>\n\t\t\t\t<section class=\"ob-is-breaking-bad elementor-section elementor-top-section elementor-element elementor-element-6a42287 elementor-section-boxed elementor-section-height-default elementor-section-height-default\" data-id=\"6a42287\" data-element_type=\"section\" data-settings=\"{&quot;_ob_bbad_use_it&quot;:&quot;yes&quot;,&quot;_ob_bbad_sssic_use&quot;:&quot;no&quot;,&quot;_ob_glider_is_slider&quot;:&quot;no&quot;}\">\n\t\t\t\t\t\t<div class=\"elementor-container elementor-column-gap-default\">\n\t\t\t\t\t<div class=\"elementor-column elementor-col-100 elementor-top-column elementor-element elementor-element-3f70dcf\" data-id=\"3f70dcf\" data-element_type=\"column\" data-settings=\"{&quot;_ob_bbad_is_stalker&quot;:&quot;no&quot;,&quot;_ob_teleporter_use&quot;:false,&quot;_ob_column_hoveranimator&quot;:&quot;no&quot;,&quot;_ob_column_has_pseudo&quot;:&quot;no&quot;}\">\n\t\t\t<div class=\"elementor-widget-wrap elementor-element-populated\">\n\t\t\t\t\t\t\t\t<div class=\"elementor-element elementor-element-fb193f5 elementor-widget elementor-widget-html\" data-id=\"fb193f5\" data-element_type=\"widget\" data-settings=\"{&quot;_ob_perspektive_use&quot;:&quot;no&quot;,&quot;_ob_shadough_use&quot;:&quot;no&quot;,&quot;_ob_allow_hoveranimator&quot;:&quot;no&quot;,&quot;_ob_widget_stalker_use&quot;:&quot;no&quot;}\" data-widget_type=\"html.default\">\n\t\t\t\t<div class=\"elementor-widget-container\">\n\t\t\t<script> \r\njQuery(document).ready(function($) { \r\nvar delay = 100; setTimeout(function() { \r\n$('.elementor-tab-title').removeClass('elementor-active');\r\n $('.elementor-tab-content').css('display', 'none'); }, delay); \r\n}); \r\n<\/script>\r\n\t\t<\/div>\n\t\t\t\t<\/div>\n\t\t\t\t\t<\/div>\n\t\t<\/div>\n\t\t\t\t\t\t\t<\/div>\n\t\t<\/section>\n\t\t\t\t\t\t<\/div>\n\t\t\t\t\t<\/div>\n\t\t","protected":false},"excerpt":{"rendered":"<p>\u00bfC\u00f3mo lograr la Certificaci\u00f3n Great Place to Work\u00ae? Certificaci\u00f3n con validez por 12 meses. Derecho para participar en Rankings. Encuesta Trust Index\u00ae a colaboradores con puntaje m\u00ednimo de 70%. 95% de nivel de confiabilidad estad\u00edstica y 5% de margen de error m\u00e1ximo. Cuestionario Culture Brief\u00ae sobre del perfil de la organizaci\u00f3n debidamente contestado. Ning\u00fan sesgo, &hellip;<\/p>\n<p class=\"read-more\"> <a class=\"\" href=\"https:\/\/success.culturalgo.com\/index.php\/sgo_01_en\/sgo-00008\/\"> <span class=\"screen-reader-text\">How to get the certification<\/span> Read More &raquo;<\/a><\/p>\n","protected":false},"author":1,"featured_media":0,"parent":2053,"menu_order":0,"comment_status":"closed","ping_status":"closed","template":"elementor_canvas","meta":[],"_links":{"self":[{"href":"https:\/\/success.culturalgo.com\/index.php\/wp-json\/wp\/v2\/pages\/2183"}],"collection":[{"href":"https:\/\/success.culturalgo.com\/index.php\/wp-json\/wp\/v2\/pages"}],"about":[{"href":"https:\/\/success.culturalgo.com\/index.php\/wp-json\/wp\/v2\/types\/page"}],"author":[{"embeddable":true,"href":"https:\/\/success.culturalgo.com\/index.php\/wp-json\/wp\/v2\/users\/1"}],"replies":[{"embeddable":true,"href":"https:\/\/success.culturalgo.com\/index.php\/wp-json\/wp\/v2\/comments?post=2183"}],"version-history":[{"count":1,"href":"https:\/\/success.culturalgo.com\/index.php\/wp-json\/wp\/v2\/pages\/2183\/revisions"}],"predecessor-version":[{"id":2184,"href":"https:\/\/success.culturalgo.com\/index.php\/wp-json\/wp\/v2\/pages\/2183\/revisions\/2184"}],"up":[{"embeddable":true,"href":"https:\/\/success.culturalgo.com\/index.php\/wp-json\/wp\/v2\/pages\/2053"}],"wp:attachment":[{"href":"https:\/\/success.culturalgo.com\/index.php\/wp-json\/wp\/v2\/media?parent=2183"}],"curies":[{"name":"wp","href":"https:\/\/api.w.org\/{rel}","templated":true}]}}