{"id":2056,"date":"2021-06-18T17:41:11","date_gmt":"2021-06-18T17:41:11","guid":{"rendered":"https:\/\/success.culturalgo.com\/index.php\/sgo_01_es\/sgo-00001-copy\/"},"modified":"2021-06-18T17:41:40","modified_gmt":"2021-06-18T17:41:40","slug":"sgo-00001","status":"publish","type":"page","link":"https:\/\/success.culturalgo.com\/index.php\/sgo_01_en\/sgo-00001\/","title":{"rendered":"CEO Message"},"content":{"rendered":"\t\t<div data-elementor-type=\"wp-page\" data-elementor-id=\"2056\" class=\"elementor elementor-2056\" data-elementor-settings=\"[]\">\n\t\t\t\t\t\t\t<div class=\"elementor-section-wrap\">\n\t\t\t\t\t\t\t<section class=\"ob-is-breaking-bad elementor-section elementor-top-section elementor-element elementor-element-9ae43a2 elementor-reverse-mobile elementor-section-boxed elementor-section-height-default elementor-section-height-default\" data-id=\"9ae43a2\" data-element_type=\"section\" data-settings=\"{&quot;background_background&quot;:&quot;classic&quot;,&quot;_ob_bbad_use_it&quot;:&quot;yes&quot;,&quot;_ob_bbad_sssic_use&quot;:&quot;no&quot;,&quot;_ob_glider_is_slider&quot;:&quot;no&quot;}\">\n\t\t\t\t\t\t\t<div class=\"elementor-background-overlay\"><\/div>\n\t\t\t\t\t\t\t<div class=\"elementor-container elementor-column-gap-no\">\n\t\t\t\t\t<div class=\"elementor-column elementor-col-50 elementor-top-column elementor-element elementor-element-8928ee4\" data-id=\"8928ee4\" data-element_type=\"column\" data-settings=\"{&quot;background_background&quot;:&quot;classic&quot;,&quot;_ob_bbad_is_stalker&quot;:&quot;no&quot;,&quot;_ob_teleporter_use&quot;:false,&quot;_ob_column_hoveranimator&quot;:&quot;no&quot;,&quot;_ob_column_has_pseudo&quot;:&quot;no&quot;}\">\n\t\t\t<div class=\"elementor-widget-wrap elementor-element-populated\">\n\t\t\t\t\t\t\t\t<div class=\"elementor-element elementor-element-6a342af elementor-widget elementor-widget-image\" data-id=\"6a342af\" data-element_type=\"widget\" data-settings=\"{&quot;_ob_photomorph_use&quot;:&quot;no&quot;,&quot;_ob_perspektive_use&quot;:&quot;no&quot;,&quot;_ob_shadough_use&quot;:&quot;no&quot;,&quot;_ob_allow_hoveranimator&quot;:&quot;no&quot;,&quot;_ob_widget_stalker_use&quot;:&quot;no&quot;}\" data-widget_type=\"image.default\">\n\t\t\t\t<div class=\"elementor-widget-container\">\n\t\t\t\t\t\t\t\t\t\t\t\t\t\t\t<img width=\"300\" height=\"300\" src=\"https:\/\/success.culturalgo.com\/wp-content\/uploads\/2021\/03\/Alma-Rosa_v2-300x300.png\" class=\"attachment-medium size-medium\" alt=\"\" loading=\"lazy\" srcset=\"https:\/\/success.culturalgo.com\/wp-content\/uploads\/2021\/03\/Alma-Rosa_v2-300x300.png 300w, https:\/\/success.culturalgo.com\/wp-content\/uploads\/2021\/03\/Alma-Rosa_v2-150x150.png 150w, https:\/\/success.culturalgo.com\/wp-content\/uploads\/2021\/03\/Alma-Rosa_v2-100x100.png 100w, https:\/\/success.culturalgo.com\/wp-content\/uploads\/2021\/03\/Alma-Rosa_v2.png 601w\" sizes=\"(max-width: 300px) 100vw, 300px\" \/>\t\t\t\t\t\t\t\t\t\t\t\t\t\t\t<\/div>\n\t\t\t\t<\/div>\n\t\t\t\t<div class=\"elementor-element elementor-element-98049d7 elementor-widget elementor-widget-spacer\" data-id=\"98049d7\" data-element_type=\"widget\" data-settings=\"{&quot;_ob_spacerat_use&quot;:&quot;no&quot;,&quot;_ob_perspektive_use&quot;:&quot;no&quot;,&quot;_ob_shadough_use&quot;:&quot;no&quot;,&quot;_ob_allow_hoveranimator&quot;:&quot;no&quot;,&quot;_ob_widget_stalker_use&quot;:&quot;no&quot;}\" data-widget_type=\"spacer.default\">\n\t\t\t\t<div class=\"elementor-widget-container\">\n\t\t\t\t\t<div class=\"elementor-spacer\">\n\t\t\t<div class=\"elementor-spacer-inner\"><\/div>\n\t\t<\/div>\n\t\t\t\t<\/div>\n\t\t\t\t<\/div>\n\t\t\t\t<div class=\"elementor-element elementor-element-7e5aabc elementor-headline--style-rotate elementor-widget elementor-widget-animated-headline\" data-id=\"7e5aabc\" data-element_type=\"widget\" data-settings=\"{&quot;headline_style&quot;:&quot;rotate&quot;,&quot;rotating_text&quot;:&quot;credibilidad\\ncompa\\u00f1erismo\\nconfianza&quot;,&quot;animation_type&quot;:&quot;typing&quot;,&quot;loop&quot;:&quot;yes&quot;,&quot;rotate_iteration_delay&quot;:2500,&quot;_ob_perspektive_use&quot;:&quot;no&quot;,&quot;_ob_shadough_use&quot;:&quot;no&quot;,&quot;_ob_allow_hoveranimator&quot;:&quot;no&quot;,&quot;_ob_widget_stalker_use&quot;:&quot;no&quot;}\" data-widget_type=\"animated-headline.default\">\n\t\t\t\t<div class=\"elementor-widget-container\">\n\t\t\t\t\t<h3 class=\"elementor-headline elementor-headline-animation-type-typing elementor-headline-letters\">\n\t\t\t\t\t<span class=\"elementor-headline-plain-text elementor-headline-text-wrapper\">Great Place to Work\u00ae es<\/span>\n\t\t\t\t<span class=\"elementor-headline-dynamic-wrapper elementor-headline-text-wrapper\">\n\t\t\t\t\t<span class=\"elementor-headline-dynamic-text elementor-headline-text-active\">\n\t\t\t\tcredibilidad\t\t\t<\/span>\n\t\t\t\t\t<span class=\"elementor-headline-dynamic-text \">\n\t\t\t\tcompa\u00f1erismo\t\t\t<\/span>\n\t\t\t\t\t<span class=\"elementor-headline-dynamic-text \">\n\t\t\t\tconfianza\t\t\t<\/span>\n\t\t\t\t\t\t<\/span>\n\t\t\t\t<\/h3>\n\t\t\t\t<\/div>\n\t\t\t\t<\/div>\n\t\t\t\t\t<\/div>\n\t\t<\/div>\n\t\t\t\t<div class=\"elementor-column elementor-col-50 elementor-top-column elementor-element elementor-element-baf760b\" data-id=\"baf760b\" data-element_type=\"column\" data-settings=\"{&quot;_ob_bbad_is_stalker&quot;:&quot;no&quot;,&quot;_ob_teleporter_use&quot;:false,&quot;_ob_column_hoveranimator&quot;:&quot;no&quot;,&quot;_ob_column_has_pseudo&quot;:&quot;no&quot;}\">\n\t\t\t<div class=\"elementor-widget-wrap elementor-element-populated\">\n\t\t\t\t\t\t\t\t<div class=\"elementor-element elementor-element-5d942f1 ob-harakiri-inherit elementor-widget elementor-widget-heading\" data-id=\"5d942f1\" data-element_type=\"widget\" data-settings=\"{&quot;_ob_harakiri_writing_mode&quot;:&quot;inherit&quot;,&quot;_ob_perspektive_use&quot;:&quot;no&quot;,&quot;_ob_shadough_use&quot;:&quot;no&quot;,&quot;_ob_allow_hoveranimator&quot;:&quot;no&quot;,&quot;_ob_widget_stalker_use&quot;:&quot;no&quot;}\" data-widget_type=\"heading.default\">\n\t\t\t\t<div class=\"elementor-widget-container\">\n\t\t\t<h1 class=\"elementor-heading-title elementor-size-default\">\u00a1Bienvenido!<\/h1>\t\t<\/div>\n\t\t\t\t<\/div>\n\t\t\t\t<div class=\"elementor-element elementor-element-a5e2e28 ob-harakiri-inherit elementor-widget elementor-widget-heading\" data-id=\"a5e2e28\" data-element_type=\"widget\" data-settings=\"{&quot;_ob_harakiri_writing_mode&quot;:&quot;inherit&quot;,&quot;_ob_perspektive_use&quot;:&quot;no&quot;,&quot;_ob_shadough_use&quot;:&quot;no&quot;,&quot;_ob_allow_hoveranimator&quot;:&quot;no&quot;,&quot;_ob_widget_stalker_use&quot;:&quot;no&quot;}\" data-widget_type=\"heading.default\">\n\t\t\t\t<div class=\"elementor-widget-container\">\n\t\t\t<h2 class=\"elementor-heading-title elementor-size-default\">Por Alma Rosa Garc\u00eda Puig \/ CEO\nGPTW\u00ae M\u00e9xico<\/h2>\t\t<\/div>\n\t\t\t\t<\/div>\n\t\t\t\t<div class=\"elementor-element elementor-element-68c99d2 ob-harakiri-inherit elementor-widget elementor-widget-text-editor\" data-id=\"68c99d2\" data-element_type=\"widget\" data-settings=\"{&quot;_ob_harakiri_writing_mode&quot;:&quot;inherit&quot;,&quot;_ob_perspektive_use&quot;:&quot;no&quot;,&quot;_ob_shadough_use&quot;:&quot;no&quot;,&quot;_ob_allow_hoveranimator&quot;:&quot;no&quot;,&quot;_ob_widget_stalker_use&quot;:&quot;no&quot;}\" data-widget_type=\"text-editor.default\">\n\t\t\t\t<div class=\"elementor-widget-container\">\n\t\t\t\t\t\t\t\t<p>Te doy la bienvenida a <strong>SuccessGo<sup>\u24c7<\/sup><\/strong>, la herramienta de an\u00e1lisis que te permitir\u00e1 conocer, analizar y entender los resultados de la encuesta a colaboradores reci\u00e9n aplicada por <strong>Great Place To Work<sup>\u24c7<\/sup><\/strong>.<br \/><br \/>Con <strong>SuccessGo<sup>\u24c7<\/sup><\/strong> tomar\u00e1s acci\u00f3n sobre los pr\u00f3ximos pasos para seguir transformando a tu organizaci\u00f3n. Obtendr\u00e1s una visualizaci\u00f3n detallada de sus \u00e1reas de oportunidad, tomando en cuenta aspectos generales y de cada \u00e1rea o unidad.<br \/><br \/>En <strong>Great Place To Work<sup>\u24c7<\/sup><\/strong> ofrecemos m\u00faltiples soluciones, algunas pueden no estar incluidas en las caracter\u00edsticas de algunas membres\u00edas. Siempre estamos disponibles para ayudarte en esto. Si las caracter\u00edsticas presentadas no corresponden a tu membres\u00eda, contacta a tu ejecutivo para crear en conjunto las mejores soluciones para tu organizaci\u00f3n.<br \/><br \/>Juntos somos mejores, gracias por confiar en <strong>Great Place to Work<sup>\u24c7<\/sup> M\u00e9xico<\/strong>.<\/p>\t\t\t\t\t\t<\/div>\n\t\t\t\t<\/div>\n\t\t\t\t\t<\/div>\n\t\t<\/div>\n\t\t\t\t\t\t\t<\/div>\n\t\t<\/section>\n\t\t\t\t<section class=\"ob-is-breaking-bad elementor-section elementor-top-section elementor-element elementor-element-600311c elementor-reverse-mobile elementor-hidden-desktop elementor-hidden-tablet elementor-hidden-phone elementor-section-boxed elementor-section-height-default elementor-section-height-default\" data-id=\"600311c\" data-element_type=\"section\" data-settings=\"{&quot;background_background&quot;:&quot;classic&quot;,&quot;_ob_bbad_use_it&quot;:&quot;yes&quot;,&quot;_ob_bbad_sssic_use&quot;:&quot;no&quot;,&quot;_ob_glider_is_slider&quot;:&quot;no&quot;}\">\n\t\t\t\t\t\t\t<div class=\"elementor-background-overlay\"><\/div>\n\t\t\t\t\t\t\t<div class=\"elementor-container elementor-column-gap-no\">\n\t\t\t\t\t<div class=\"elementor-column elementor-col-50 elementor-top-column elementor-element elementor-element-70efa64\" data-id=\"70efa64\" data-element_type=\"column\" data-settings=\"{&quot;_ob_bbad_is_stalker&quot;:&quot;no&quot;,&quot;_ob_teleporter_use&quot;:false,&quot;_ob_column_hoveranimator&quot;:&quot;no&quot;,&quot;_ob_column_has_pseudo&quot;:&quot;no&quot;}\">\n\t\t\t<div class=\"elementor-widget-wrap elementor-element-populated\">\n\t\t\t\t\t\t\t\t<div class=\"elementor-element elementor-element-e119d9e elementor-widget elementor-widget-image\" data-id=\"e119d9e\" data-element_type=\"widget\" data-settings=\"{&quot;_ob_photomorph_use&quot;:&quot;no&quot;,&quot;_ob_perspektive_use&quot;:&quot;no&quot;,&quot;_ob_shadough_use&quot;:&quot;no&quot;,&quot;_ob_allow_hoveranimator&quot;:&quot;no&quot;,&quot;_ob_widget_stalker_use&quot;:&quot;no&quot;}\" data-widget_type=\"image.default\">\n\t\t\t\t<div class=\"elementor-widget-container\">\n\t\t\t\t\t\t\t\t\t\t\t\t\t\t\t<img width=\"601\" height=\"601\" src=\"https:\/\/success.culturalgo.com\/wp-content\/uploads\/2021\/03\/Alma-Rosa_v2.png\" class=\"attachment-large size-large\" alt=\"\" loading=\"lazy\" srcset=\"https:\/\/success.culturalgo.com\/wp-content\/uploads\/2021\/03\/Alma-Rosa_v2.png 601w, https:\/\/success.culturalgo.com\/wp-content\/uploads\/2021\/03\/Alma-Rosa_v2-300x300.png 300w, https:\/\/success.culturalgo.com\/wp-content\/uploads\/2021\/03\/Alma-Rosa_v2-150x150.png 150w, https:\/\/success.culturalgo.com\/wp-content\/uploads\/2021\/03\/Alma-Rosa_v2-100x100.png 100w\" sizes=\"(max-width: 601px) 100vw, 601px\" \/>\t\t\t\t\t\t\t\t\t\t\t\t\t\t\t<\/div>\n\t\t\t\t<\/div>\n\t\t\t\t\t<\/div>\n\t\t<\/div>\n\t\t\t\t<div class=\"elementor-column elementor-col-50 elementor-top-column elementor-element elementor-element-9ab4fe1\" data-id=\"9ab4fe1\" data-element_type=\"column\" data-settings=\"{&quot;_ob_bbad_is_stalker&quot;:&quot;no&quot;,&quot;_ob_teleporter_use&quot;:false,&quot;_ob_column_hoveranimator&quot;:&quot;no&quot;,&quot;_ob_column_has_pseudo&quot;:&quot;no&quot;}\">\n\t\t\t<div class=\"elementor-widget-wrap elementor-element-populated\">\n\t\t\t\t\t\t\t\t<div class=\"elementor-element elementor-element-8d52ebe ob-harakiri-inherit elementor-widget elementor-widget-heading\" data-id=\"8d52ebe\" data-element_type=\"widget\" data-settings=\"{&quot;_ob_harakiri_writing_mode&quot;:&quot;inherit&quot;,&quot;_ob_perspektive_use&quot;:&quot;no&quot;,&quot;_ob_shadough_use&quot;:&quot;no&quot;,&quot;_ob_allow_hoveranimator&quot;:&quot;no&quot;,&quot;_ob_widget_stalker_use&quot;:&quot;no&quot;}\" data-widget_type=\"heading.default\">\n\t\t\t\t<div class=\"elementor-widget-container\">\n\t\t\t<h1 class=\"elementor-heading-title elementor-size-default\">\u00a1Bienvenido!<\/h1>\t\t<\/div>\n\t\t\t\t<\/div>\n\t\t\t\t<div class=\"elementor-element elementor-element-91c6f10 ob-harakiri-inherit elementor-widget elementor-widget-heading\" data-id=\"91c6f10\" data-element_type=\"widget\" data-settings=\"{&quot;_ob_harakiri_writing_mode&quot;:&quot;inherit&quot;,&quot;_ob_perspektive_use&quot;:&quot;no&quot;,&quot;_ob_shadough_use&quot;:&quot;no&quot;,&quot;_ob_allow_hoveranimator&quot;:&quot;no&quot;,&quot;_ob_widget_stalker_use&quot;:&quot;no&quot;}\" data-widget_type=\"heading.default\">\n\t\t\t\t<div class=\"elementor-widget-container\">\n\t\t\t<h2 class=\"elementor-heading-title elementor-size-default\">Por Alma Rosa Garc\u00eda Puig \/ CEO\nGPTW\u00ae M\u00e9xico<\/h2>\t\t<\/div>\n\t\t\t\t<\/div>\n\t\t\t\t<div class=\"elementor-element elementor-element-d4e2779 ob-harakiri-inherit elementor-widget elementor-widget-text-editor\" data-id=\"d4e2779\" data-element_type=\"widget\" data-settings=\"{&quot;_ob_harakiri_writing_mode&quot;:&quot;inherit&quot;,&quot;_ob_perspektive_use&quot;:&quot;no&quot;,&quot;_ob_shadough_use&quot;:&quot;no&quot;,&quot;_ob_allow_hoveranimator&quot;:&quot;no&quot;,&quot;_ob_widget_stalker_use&quot;:&quot;no&quot;}\" data-widget_type=\"text-editor.default\">\n\t\t\t\t<div class=\"elementor-widget-container\">\n\t\t\t\t\t\t\t\t<p>Te doy la bienvenida a <strong>SuccessGo\u24c7<\/strong>, la herramienta de an\u00e1lisis que te permitir\u00e1 conocer, analizar y entender los resultados de la encuesta a colaboradores reci\u00e9n aplicada por <strong>Great Place To Work\u24c7<\/strong>.<\/p><p>Con <strong>SuccessGo\u24c7<\/strong> tomar\u00e1s acci\u00f3n sobre los pr\u00f3ximos pasos para seguir transformando a tu organizaci\u00f3n. Obtendr\u00e1s una visualizaci\u00f3n detallada de sus \u00e1reas de oportunidad, tomando en cuenta aspectos generales y de cada \u00e1rea o unidad.<\/p><p>En <strong>Great Place To Work\u24c7<\/strong> ofrecemos m\u00faltiples soluciones, algunas pueden no estar incluidas en las caracter\u00edsticas de algunas membres\u00edas. Siempre estamos disponibles para ayudarte en esto. Si las caracter\u00edsticas presentadas no corresponden a tu membres\u00eda, contacta a tu ejecutivo para crear en conjunto las mejores soluciones para tu organizaci\u00f3n.<\/p><p>Juntos somos mejores, gracias por confiar en <strong>Great Place to Work\u00ae M\u00e9xico<\/strong>.<\/p>\t\t\t\t\t\t<\/div>\n\t\t\t\t<\/div>\n\t\t\t\t\t<\/div>\n\t\t<\/div>\n\t\t\t\t\t\t\t<\/div>\n\t\t<\/section>\n\t\t\t\t\t\t<\/div>\n\t\t\t\t\t<\/div>\n\t\t","protected":false},"excerpt":{"rendered":"<p>Great Place to Work\u00ae es credibilidad compa\u00f1erismo confianza \u00a1Bienvenido! Por Alma Rosa Garc\u00eda Puig \/ CEO GPTW\u00ae M\u00e9xico Te doy la bienvenida a SuccessGo\u24c7, la herramienta de an\u00e1lisis que te permitir\u00e1 conocer, analizar y entender los resultados de la encuesta a colaboradores reci\u00e9n aplicada por Great Place To Work\u24c7. Con SuccessGo\u24c7 tomar\u00e1s acci\u00f3n sobre los &hellip;<\/p>\n<p class=\"read-more\"> <a class=\"\" href=\"https:\/\/success.culturalgo.com\/index.php\/sgo_01_en\/sgo-00001\/\"> <span class=\"screen-reader-text\">CEO Message<\/span> Read More &raquo;<\/a><\/p>\n","protected":false},"author":1,"featured_media":0,"parent":2053,"menu_order":0,"comment_status":"closed","ping_status":"closed","template":"elementor_canvas","meta":[],"_links":{"self":[{"href":"https:\/\/success.culturalgo.com\/index.php\/wp-json\/wp\/v2\/pages\/2056"}],"collection":[{"href":"https:\/\/success.culturalgo.com\/index.php\/wp-json\/wp\/v2\/pages"}],"about":[{"href":"https:\/\/success.culturalgo.com\/index.php\/wp-json\/wp\/v2\/types\/page"}],"author":[{"embeddable":true,"href":"https:\/\/success.culturalgo.com\/index.php\/wp-json\/wp\/v2\/users\/1"}],"replies":[{"embeddable":true,"href":"https:\/\/success.culturalgo.com\/index.php\/wp-json\/wp\/v2\/comments?post=2056"}],"version-history":[{"count":1,"href":"https:\/\/success.culturalgo.com\/index.php\/wp-json\/wp\/v2\/pages\/2056\/revisions"}],"predecessor-version":[{"id":2057,"href":"https:\/\/success.culturalgo.com\/index.php\/wp-json\/wp\/v2\/pages\/2056\/revisions\/2057"}],"up":[{"embeddable":true,"href":"https:\/\/success.culturalgo.com\/index.php\/wp-json\/wp\/v2\/pages\/2053"}],"wp:attachment":[{"href":"https:\/\/success.culturalgo.com\/index.php\/wp-json\/wp\/v2\/media?parent=2056"}],"curies":[{"name":"wp","href":"https:\/\/api.w.org\/{rel}","templated":true}]}}