{"id":1804,"date":"2021-04-16T14:10:50","date_gmt":"2021-04-16T14:10:50","guid":{"rendered":"https:\/\/success.culturalgo.com\/?page_id=1804"},"modified":"2021-04-16T14:49:55","modified_gmt":"2021-04-16T14:49:55","slug":"sgo-00029","status":"publish","type":"page","link":"https:\/\/success.culturalgo.com\/index.php\/sgo_01_es\/sgo-00029\/","title":{"rendered":"The Certification"},"content":{"rendered":"\t\t<div data-elementor-type=\"wp-page\" data-elementor-id=\"1804\" class=\"elementor elementor-1804\" data-elementor-settings=\"[]\">\n\t\t\t\t\t\t\t<div class=\"elementor-section-wrap\">\n\t\t\t\t\t\t\t<section class=\"ob-is-breaking-bad elementor-section elementor-top-section elementor-element elementor-element-46e286a elementor-section-full_width elementor-section-height-full elementor-section-items-stretch elementor-section-height-default\" data-id=\"46e286a\" data-element_type=\"section\" data-settings=\"{&quot;background_background&quot;:&quot;classic&quot;,&quot;_ob_bbad_use_it&quot;:&quot;yes&quot;,&quot;_ob_bbad_sssic_use&quot;:&quot;no&quot;,&quot;_ob_glider_is_slider&quot;:&quot;no&quot;}\">\n\t\t\t\t\t\t\t<div class=\"elementor-background-overlay\"><\/div>\n\t\t\t\t\t\t\t<div class=\"elementor-container elementor-column-gap-no\">\n\t\t\t\t\t<div class=\"elementor-column elementor-col-100 elementor-top-column elementor-element elementor-element-7ca06be\" data-id=\"7ca06be\" data-element_type=\"column\" data-settings=\"{&quot;background_background&quot;:&quot;classic&quot;,&quot;_ob_bbad_is_stalker&quot;:&quot;no&quot;,&quot;_ob_teleporter_use&quot;:false,&quot;_ob_column_hoveranimator&quot;:&quot;no&quot;,&quot;_ob_column_has_pseudo&quot;:&quot;no&quot;}\">\n\t\t\t<div class=\"elementor-widget-wrap elementor-element-populated\">\n\t\t\t\t\t<div class=\"elementor-background-overlay\"><\/div>\n\t\t\t\t\t\t\t\t<section class=\"ob-is-breaking-bad ob-bb-inner elementor-section elementor-inner-section elementor-element elementor-element-0131220 elementor-section-boxed elementor-section-height-default elementor-section-height-default\" data-id=\"0131220\" data-element_type=\"section\" data-settings=\"{&quot;_ob_bbad_use_it&quot;:&quot;yes&quot;,&quot;_ob_bbad_sssic_use&quot;:&quot;no&quot;,&quot;_ob_glider_is_slider&quot;:&quot;no&quot;}\">\n\t\t\t\t\t\t<div class=\"elementor-container elementor-column-gap-default\">\n\t\t\t\t\t<div class=\"elementor-column elementor-col-100 elementor-inner-column elementor-element elementor-element-3e850c8\" data-id=\"3e850c8\" data-element_type=\"column\" data-settings=\"{&quot;_ob_bbad_is_stalker&quot;:&quot;no&quot;,&quot;_ob_teleporter_use&quot;:false,&quot;_ob_column_hoveranimator&quot;:&quot;no&quot;,&quot;_ob_column_has_pseudo&quot;:&quot;no&quot;}\">\n\t\t\t<div class=\"elementor-widget-wrap elementor-element-populated\">\n\t\t\t\t\t\t\t\t<div class=\"elementor-element elementor-element-e3cb81d elementor-widget elementor-widget-image\" data-id=\"e3cb81d\" data-element_type=\"widget\" data-settings=\"{&quot;_ob_photomorph_use&quot;:&quot;no&quot;,&quot;_ob_perspektive_use&quot;:&quot;no&quot;,&quot;_ob_shadough_use&quot;:&quot;no&quot;,&quot;_ob_allow_hoveranimator&quot;:&quot;no&quot;,&quot;_ob_widget_stalker_use&quot;:&quot;no&quot;}\" data-widget_type=\"image.default\">\n\t\t\t\t<div class=\"elementor-widget-container\">\n\t\t\t\t\t\t\t\t\t\t\t\t\t\t\t<img width=\"768\" height=\"139\" src=\"https:\/\/success.culturalgo.com\/wp-content\/uploads\/2021\/04\/felicidades3-768x139.png\" class=\"attachment-medium_large size-medium_large\" alt=\"\" loading=\"lazy\" srcset=\"https:\/\/success.culturalgo.com\/wp-content\/uploads\/2021\/04\/felicidades3-768x139.png 768w, https:\/\/success.culturalgo.com\/wp-content\/uploads\/2021\/04\/felicidades3-300x54.png 300w, https:\/\/success.culturalgo.com\/wp-content\/uploads\/2021\/04\/felicidades3-1024x185.png 1024w, https:\/\/success.culturalgo.com\/wp-content\/uploads\/2021\/04\/felicidades3-1536x278.png 1536w, https:\/\/success.culturalgo.com\/wp-content\/uploads\/2021\/04\/felicidades3-2048x370.png 2048w, https:\/\/success.culturalgo.com\/wp-content\/uploads\/2021\/04\/felicidades3-24x4.png 24w, https:\/\/success.culturalgo.com\/wp-content\/uploads\/2021\/04\/felicidades3-36x7.png 36w, https:\/\/success.culturalgo.com\/wp-content\/uploads\/2021\/04\/felicidades3-48x9.png 48w\" sizes=\"(max-width: 768px) 100vw, 768px\" \/>\t\t\t\t\t\t\t\t\t\t\t\t\t\t\t<\/div>\n\t\t\t\t<\/div>\n\t\t\t\t<div class=\"elementor-element elementor-element-5d4ec07 ob-harakiri-inherit elementor-widget elementor-widget-text-editor\" data-id=\"5d4ec07\" data-element_type=\"widget\" data-settings=\"{&quot;_ob_harakiri_writing_mode&quot;:&quot;inherit&quot;,&quot;_ob_perspektive_use&quot;:&quot;no&quot;,&quot;_ob_shadough_use&quot;:&quot;no&quot;,&quot;_ob_allow_hoveranimator&quot;:&quot;no&quot;,&quot;_ob_widget_stalker_use&quot;:&quot;no&quot;}\" data-widget_type=\"text-editor.default\">\n\t\t\t\t<div class=\"elementor-widget-container\">\n\t\t\t\t\t\t\t\t<p><strong>Estimado cliente, tu organizaci\u00f3n logr\u00f3 cumplir con todos los requerimientos para lograr la certificaci\u00f3n de Great Place to Work\u00ae.<\/strong><\/p><p><strong>Podr\u00e1s descargar tu certificado digital con el <u>c\u00f3digo QR <\/u>que se te mostrar\u00e1 enseguida.<\/strong><\/p>\t\t\t\t\t\t<\/div>\n\t\t\t\t<\/div>\n\t\t\t\t\t<\/div>\n\t\t<\/div>\n\t\t\t\t\t\t\t<\/div>\n\t\t<\/section>\n\t\t\t\t<section class=\"ob-is-breaking-bad ob-bb-inner elementor-section elementor-inner-section elementor-element elementor-element-d6acebe elementor-section-boxed elementor-section-height-default elementor-section-height-default\" data-id=\"d6acebe\" data-element_type=\"section\" data-settings=\"{&quot;_ob_bbad_use_it&quot;:&quot;yes&quot;,&quot;_ob_bbad_sssic_use&quot;:&quot;no&quot;,&quot;_ob_glider_is_slider&quot;:&quot;no&quot;}\">\n\t\t\t\t\t\t<div class=\"elementor-container elementor-column-gap-default\">\n\t\t\t\t\t<div class=\"elementor-column elementor-col-50 elementor-inner-column elementor-element elementor-element-5654920\" data-id=\"5654920\" data-element_type=\"column\" data-settings=\"{&quot;_ob_bbad_is_stalker&quot;:&quot;no&quot;,&quot;_ob_teleporter_use&quot;:false,&quot;_ob_column_hoveranimator&quot;:&quot;no&quot;,&quot;_ob_column_has_pseudo&quot;:&quot;no&quot;}\">\n\t\t\t<div class=\"elementor-widget-wrap elementor-element-populated\">\n\t\t\t\t\t\t\t\t<div class=\"elementor-element elementor-element-c761627 elementor-widget elementor-widget-image\" data-id=\"c761627\" data-element_type=\"widget\" data-settings=\"{&quot;_ob_photomorph_use&quot;:&quot;no&quot;,&quot;_ob_perspektive_use&quot;:&quot;no&quot;,&quot;_ob_shadough_use&quot;:&quot;no&quot;,&quot;_ob_allow_hoveranimator&quot;:&quot;no&quot;,&quot;_ob_widget_stalker_use&quot;:&quot;no&quot;}\" data-widget_type=\"image.default\">\n\t\t\t\t<div class=\"elementor-widget-container\">\n\t\t\t\t\t\t\t\t\t\t\t\t\t\t\t<img width=\"500\" height=\"500\" src=\"https:\/\/success.culturalgo.com\/wp-content\/uploads\/2021\/04\/certificacion-correcta.jpg\" class=\"attachment-large size-large\" alt=\"\" loading=\"lazy\" srcset=\"https:\/\/success.culturalgo.com\/wp-content\/uploads\/2021\/04\/certificacion-correcta.jpg 500w, https:\/\/success.culturalgo.com\/wp-content\/uploads\/2021\/04\/certificacion-correcta-300x300.jpg 300w, https:\/\/success.culturalgo.com\/wp-content\/uploads\/2021\/04\/certificacion-correcta-150x150.jpg 150w, https:\/\/success.culturalgo.com\/wp-content\/uploads\/2021\/04\/certificacion-correcta-24x24.jpg 24w, https:\/\/success.culturalgo.com\/wp-content\/uploads\/2021\/04\/certificacion-correcta-36x36.jpg 36w, https:\/\/success.culturalgo.com\/wp-content\/uploads\/2021\/04\/certificacion-correcta-48x48.jpg 48w\" sizes=\"(max-width: 500px) 100vw, 500px\" \/>\t\t\t\t\t\t\t\t\t\t\t\t\t\t\t<\/div>\n\t\t\t\t<\/div>\n\t\t\t\t\t<\/div>\n\t\t<\/div>\n\t\t\t\t<div class=\"elementor-column elementor-col-50 elementor-inner-column elementor-element elementor-element-3791ef6\" data-id=\"3791ef6\" data-element_type=\"column\" data-settings=\"{&quot;_ob_bbad_is_stalker&quot;:&quot;no&quot;,&quot;_ob_teleporter_use&quot;:false,&quot;_ob_column_hoveranimator&quot;:&quot;no&quot;,&quot;_ob_column_has_pseudo&quot;:&quot;no&quot;}\">\n\t\t\t<div class=\"elementor-widget-wrap elementor-element-populated\">\n\t\t\t\t\t\t\t\t<div class=\"elementor-element elementor-element-d565fc3 ob-harakiri-inherit elementor-widget elementor-widget-text-editor\" data-id=\"d565fc3\" data-element_type=\"widget\" data-settings=\"{&quot;_ob_harakiri_writing_mode&quot;:&quot;inherit&quot;,&quot;_ob_perspektive_use&quot;:&quot;no&quot;,&quot;_ob_shadough_use&quot;:&quot;no&quot;,&quot;_ob_allow_hoveranimator&quot;:&quot;no&quot;,&quot;_ob_widget_stalker_use&quot;:&quot;no&quot;}\" data-widget_type=\"text-editor.default\">\n\t\t\t\t<div class=\"elementor-widget-container\">\n\t\t\t\t\t\t\t\t<p>Podr\u00e1s orgullosamente notificar a tus colaboradores que lograron esta certificaci\u00f3n, y celebrar este hecho. Asimismo podr\u00e1s tambi\u00e9n darlo a conocer a tus clientes, tus proveedores y a la comunidad de tu alrededor.<\/p><p>Una vez certificado, tu organizaci\u00f3n participar\u00e1 en los Rankings de Great Place to Work\u00ae mientras tu certificado sea vigente.\u00a0 Para ello, ser\u00e1 necesario que hayas completado todo el Culture Audit\u00ae en tiempo y forma.<\/p><p>Si tu organizaci\u00f3n aspira a ser mucho mejor de lo que hoy son, te invitamos a conocer nuestros servicios de consultor\u00eda y formaci\u00f3n online para que juntos podamos apoyarte en mejorar. Escr\u00edbenos a este correo: <b>mx_formacion@greatplacetowork.com <\/b>y\u00a0 un ejecutivo se pondr\u00e1 en contacto contigo.<\/p>\t\t\t\t\t\t<\/div>\n\t\t\t\t<\/div>\n\t\t\t\t\t<\/div>\n\t\t<\/div>\n\t\t\t\t\t\t\t<\/div>\n\t\t<\/section>\n\t\t\t\t<div class=\"elementor-element elementor-element-93772ff elementor-widget elementor-widget-spacer\" data-id=\"93772ff\" data-element_type=\"widget\" data-settings=\"{&quot;_ob_spacerat_use&quot;:&quot;no&quot;,&quot;_ob_perspektive_use&quot;:&quot;no&quot;,&quot;_ob_shadough_use&quot;:&quot;no&quot;,&quot;_ob_allow_hoveranimator&quot;:&quot;no&quot;,&quot;_ob_widget_stalker_use&quot;:&quot;no&quot;}\" data-widget_type=\"spacer.default\">\n\t\t\t\t<div class=\"elementor-widget-container\">\n\t\t\t\t\t<div class=\"elementor-spacer\">\n\t\t\t<div class=\"elementor-spacer-inner\"><\/div>\n\t\t<\/div>\n\t\t\t\t<\/div>\n\t\t\t\t<\/div>\n\t\t\t\t\t<\/div>\n\t\t<\/div>\n\t\t\t\t\t\t\t<\/div>\n\t\t<\/section>\n\t\t\t\t\t\t<\/div>\n\t\t\t\t\t<\/div>\n\t\t","protected":false},"excerpt":{"rendered":"<p>Estimado cliente, tu organizaci\u00f3n logr\u00f3 cumplir con todos los requerimientos para lograr la certificaci\u00f3n de Great Place to Work\u00ae. Podr\u00e1s descargar tu certificado digital con el c\u00f3digo QR que se te mostrar\u00e1 enseguida. Podr\u00e1s orgullosamente notificar a tus colaboradores que lograron esta certificaci\u00f3n, y celebrar este hecho. Asimismo podr\u00e1s tambi\u00e9n darlo a conocer a tus &hellip;<\/p>\n<p class=\"read-more\"> <a class=\"\" href=\"https:\/\/success.culturalgo.com\/index.php\/sgo_01_es\/sgo-00029\/\"> <span class=\"screen-reader-text\">The Certification<\/span> Read More &raquo;<\/a><\/p>\n","protected":false},"author":1,"featured_media":0,"parent":22,"menu_order":0,"comment_status":"closed","ping_status":"closed","template":"elementor_canvas","meta":[],"_links":{"self":[{"href":"https:\/\/success.culturalgo.com\/index.php\/wp-json\/wp\/v2\/pages\/1804"}],"collection":[{"href":"https:\/\/success.culturalgo.com\/index.php\/wp-json\/wp\/v2\/pages"}],"about":[{"href":"https:\/\/success.culturalgo.com\/index.php\/wp-json\/wp\/v2\/types\/page"}],"author":[{"embeddable":true,"href":"https:\/\/success.culturalgo.com\/index.php\/wp-json\/wp\/v2\/users\/1"}],"replies":[{"embeddable":true,"href":"https:\/\/success.culturalgo.com\/index.php\/wp-json\/wp\/v2\/comments?post=1804"}],"version-history":[{"count":10,"href":"https:\/\/success.culturalgo.com\/index.php\/wp-json\/wp\/v2\/pages\/1804\/revisions"}],"predecessor-version":[{"id":1823,"href":"https:\/\/success.culturalgo.com\/index.php\/wp-json\/wp\/v2\/pages\/1804\/revisions\/1823"}],"up":[{"embeddable":true,"href":"https:\/\/success.culturalgo.com\/index.php\/wp-json\/wp\/v2\/pages\/22"}],"wp:attachment":[{"href":"https:\/\/success.culturalgo.com\/index.php\/wp-json\/wp\/v2\/media?parent=1804"}],"curies":[{"name":"wp","href":"https:\/\/api.w.org\/{rel}","templated":true}]}}